{"id":404,"date":"2022-11-01T10:27:39","date_gmt":"2022-11-01T10:27:39","guid":{"rendered":"https:\/\/www.dannyhermann.de\/?page_id=404"},"modified":"2024-02-21T17:52:28","modified_gmt":"2024-02-21T17:52:28","slug":"kontakt","status":"publish","type":"page","link":"https:\/\/www.dannyhermann.de\/en\/kontakt\/","title":{"rendered":"CONTACT"},"content":{"rendered":"<div data-elementor-type=\"wp-page\" data-elementor-id=\"404\" class=\"elementor elementor-404\" data-elementor-post-type=\"page\">\n\t\t\t\t\t\t<section class=\"elementor-section elementor-top-section elementor-element elementor-element-71d3689 elementor-section-boxed elementor-section-height-default elementor-section-height-default\" data-id=\"71d3689\" data-element_type=\"section\">\n\t\t\t\t\t\t<div class=\"elementor-container elementor-column-gap-default\">\n\t\t\t\t\t<div class=\"elementor-column elementor-col-100 elementor-top-column elementor-element elementor-element-f266755\" data-id=\"f266755\" data-element_type=\"column\">\n\t\t\t<div class=\"elementor-widget-wrap elementor-element-populated\">\n\t\t\t\t\t\t<div class=\"elementor-element elementor-element-6295ee1 elementor-widget elementor-widget-heading\" data-id=\"6295ee1\" data-element_type=\"widget\" data-widget_type=\"heading.default\">\n\t\t\t\t<div class=\"elementor-widget-container\">\n\t\t\t\t\t<h1 class=\"elementor-heading-title elementor-size-default\">Contact<\/h1>\t\t\t\t<\/div>\n\t\t\t\t<\/div>\n\t\t\t\t<div class=\"elementor-element elementor-element-68d138d elementor-widget elementor-widget-image\" data-id=\"68d138d\" data-element_type=\"widget\" data-widget_type=\"image.default\">\n\t\t\t\t<div class=\"elementor-widget-container\">\n\t\t\t\t\t\t\t\t\t\t\t\t<figure class=\"wp-caption\">\n\t\t\t\t\t\t\t\t\t\t<img fetchpriority=\"high\" decoding=\"async\" width=\"1500\" height=\"954\" src=\"https:\/\/www.dannyhermann.de\/wp-content\/uploads\/2023\/09\/23-08-29_Hermann_Danny_Arnies_Life_Kunstwerk_Copyright.webp\" class=\"attachment-full size-full wp-image-3262\" alt=\"Der Bildende K\u00fcnstler Danny Hermann neben dem Kunstwerk Arnie&#039;s Life\" srcset=\"https:\/\/www.dannyhermann.de\/wp-content\/uploads\/2023\/09\/23-08-29_Hermann_Danny_Arnies_Life_Kunstwerk_Copyright.webp 1500w, https:\/\/www.dannyhermann.de\/wp-content\/uploads\/2023\/09\/23-08-29_Hermann_Danny_Arnies_Life_Kunstwerk_Copyright-300x191.webp 300w, https:\/\/www.dannyhermann.de\/wp-content\/uploads\/2023\/09\/23-08-29_Hermann_Danny_Arnies_Life_Kunstwerk_Copyright-1024x651.webp 1024w, https:\/\/www.dannyhermann.de\/wp-content\/uploads\/2023\/09\/23-08-29_Hermann_Danny_Arnies_Life_Kunstwerk_Copyright-768x488.webp 768w, https:\/\/www.dannyhermann.de\/wp-content\/uploads\/2023\/09\/23-08-29_Hermann_Danny_Arnies_Life_Kunstwerk_Copyright-1200x763.webp 1200w, https:\/\/www.dannyhermann.de\/wp-content\/uploads\/2023\/09\/23-08-29_Hermann_Danny_Arnies_Life_Kunstwerk_Copyright-1320x840.webp 1320w\" sizes=\"(max-width: 1500px) 100vw, 1500px\" \/>\t\t\t\t\t\t\t\t\t\t\t<figcaption class=\"widget-image-caption wp-caption-text\">Der Bildende K\u00fcnstler Danny Hermann neben dem Kunstwerk\nArnie's Life<\/figcaption>\n\t\t\t\t\t\t\t\t\t\t<\/figure>\n\t\t\t\t\t\t\t\t\t<\/div>\n\t\t\t\t<\/div>\n\t\t\t\t\t<\/div>\n\t\t<\/div>\n\t\t\t\t\t<\/div>\n\t\t<\/section>\n\t\t\t\t<section class=\"elementor-section elementor-top-section elementor-element elementor-element-5121d6b elementor-section-boxed elementor-section-height-default elementor-section-height-default\" data-id=\"5121d6b\" data-element_type=\"section\">\n\t\t\t\t\t\t<div class=\"elementor-container elementor-column-gap-default\">\n\t\t\t\t\t<div class=\"elementor-column elementor-col-50 elementor-top-column elementor-element elementor-element-3dbac21\" data-id=\"3dbac21\" data-element_type=\"column\">\n\t\t\t<div class=\"elementor-widget-wrap elementor-element-populated\">\n\t\t\t\t\t\t<div class=\"elementor-element elementor-element-0cbc0c7 elementor-widget elementor-widget-shortcode\" data-id=\"0cbc0c7\" data-element_type=\"widget\" data-widget_type=\"shortcode.default\">\n\t\t\t\t<div class=\"elementor-widget-container\">\n\t\t\t\t\t\t\t<div class=\"elementor-shortcode\">\n<div class=\"wpcf7 no-js\" id=\"wpcf7-f159-o1\" lang=\"de-DE\" dir=\"ltr\" data-wpcf7-id=\"159\">\n<div class=\"screen-reader-response\"><p role=\"status\" aria-live=\"polite\" aria-atomic=\"true\"><\/p> <ul><\/ul><\/div>\n<form action=\"\/en\/wp-json\/wp\/v2\/pages\/404#wpcf7-f159-o1\" method=\"post\" class=\"wpcf7-form init\" aria-label=\"Kontaktformular\" novalidate=\"novalidate\" data-status=\"init\" data-trp-original-action=\"\/en\/wp-json\/wp\/v2\/pages\/404#wpcf7-f159-o1\">\n<fieldset class=\"hidden-fields-container\"><input type=\"hidden\" name=\"_wpcf7\" value=\"159\" \/><input type=\"hidden\" name=\"_wpcf7_version\" value=\"6.1\" \/><input type=\"hidden\" name=\"_wpcf7_locale\" value=\"de_DE\" \/><input type=\"hidden\" name=\"_wpcf7_unit_tag\" value=\"wpcf7-f159-o1\" \/><input type=\"hidden\" name=\"_wpcf7_container_post\" value=\"0\" \/><input type=\"hidden\" name=\"_wpcf7_posted_data_hash\" value=\"\" \/>\n<\/fieldset>\n<p><label> Name<br \/>\n<span class=\"wpcf7-form-control-wrap\" data-name=\"your-name\"><input size=\"40\" maxlength=\"400\" class=\"wpcf7-form-control wpcf7-text wpcf7-validates-as-required\" aria-required=\"true\" aria-invalid=\"false\" value=\"\" type=\"text\" name=\"your-name\" \/><\/span> <\/label>\n<\/p>\n<p><label> Surname<br \/>\n<span class=\"wpcf7-form-control-wrap\" data-name=\"nachname\"><input size=\"40\" maxlength=\"400\" class=\"wpcf7-form-control wpcf7-text wpcf7-validates-as-required\" aria-required=\"true\" aria-invalid=\"false\" value=\"\" type=\"text\" name=\"nachname\" \/><\/span> <\/label>\n<\/p>\n<p><label> E-Mail Adress<br \/>\n<span class=\"wpcf7-form-control-wrap\" data-name=\"your-email\"><input size=\"40\" maxlength=\"400\" class=\"wpcf7-form-control wpcf7-email wpcf7-validates-as-required wpcf7-text wpcf7-validates-as-email\" aria-required=\"true\" aria-invalid=\"false\" value=\"\" type=\"email\" name=\"your-email\" \/><\/span> <\/label>\n<\/p>\n<p><label> Subject<br \/>\n<span class=\"wpcf7-form-control-wrap\" data-name=\"your-subject\"><input size=\"40\" maxlength=\"400\" class=\"wpcf7-form-control wpcf7-text wpcf7-validates-as-required\" aria-required=\"true\" aria-invalid=\"false\" value=\"\" type=\"text\" name=\"your-subject\" \/><\/span> <\/label>\n<\/p>\n<p><label> Message<br \/>\n<span class=\"wpcf7-form-control-wrap\" data-name=\"your-message\"><textarea cols=\"40\" rows=\"10\" maxlength=\"2000\" class=\"wpcf7-form-control wpcf7-textarea\" aria-invalid=\"false\" name=\"your-message\"><\/textarea><\/span> <\/label>\n<\/p>\n<p><span class=\"wpcf7-form-control-wrap\" data-name=\"dsgvo\"><span class=\"wpcf7-form-control wpcf7-acceptance\"><span class=\"wpcf7-list-item\"><label><input type=\"checkbox\" name=\"dsgvo\" value=\"1\" aria-invalid=\"false\" \/><span class=\"wpcf7-list-item-label\">I agree that my details from the contact form will be collected and processed to answer my enquiry. \nThe data will be stored for 10 years or deleted on request. you can revoke your consent at any time by e-mail to <b>dannyhermannart(@)gmail.com<\/b> revoked. \nYou can find detailed information on the handling of user data in my <a href=\"https:\/\/www.dannyhermann.de\/en\/datenschutzerklaerung\/\"><b>Privacy policy<\/b><\/a>.<\/span><\/label><\/span><\/span><\/span>\n<\/p>\n<p><input class=\"wpcf7-form-control wpcf7-submit has-spinner\" type=\"submit\" value=\"Send\" \/>\n<\/p><div class=\"wpcf7-response-output\" aria-hidden=\"true\"><\/div>\n<input type=\"hidden\" name=\"trp-form-language\" value=\"en\"\/><\/form>\n<\/div>\n<\/div>\n\t\t\t\t\t\t<\/div>\n\t\t\t\t<\/div>\n\t\t\t\t\t<\/div>\n\t\t<\/div>\n\t\t\t\t<div class=\"elementor-column elementor-col-50 elementor-top-column elementor-element elementor-element-7a0e597\" data-id=\"7a0e597\" data-element_type=\"column\">\n\t\t\t<div class=\"elementor-widget-wrap elementor-element-populated\">\n\t\t\t\t\t\t<div class=\"elementor-element elementor-element-9033566 elementor-widget__width-initial elementor-widget elementor-widget-image\" data-id=\"9033566\" data-element_type=\"widget\" data-widget_type=\"image.default\">\n\t\t\t\t<div class=\"elementor-widget-container\">\n\t\t\t\t\t\t\t\t\t\t\t\t<figure class=\"wp-caption\">\n\t\t\t\t\t\t\t\t\t\t<img decoding=\"async\" width=\"413\" height=\"600\" src=\"https:\/\/www.dannyhermann.de\/wp-content\/uploads\/2023\/04\/2011_frauenkirche_hermann_danny.webp\" class=\"attachment-large size-large wp-image-1579\" alt=\"Frauenkirche Dresden, Danny Hermann, Graphitzeichnung, 29,7x21cm, 2012\" srcset=\"https:\/\/www.dannyhermann.de\/wp-content\/uploads\/2023\/04\/2011_frauenkirche_hermann_danny.webp 413w, https:\/\/www.dannyhermann.de\/wp-content\/uploads\/2023\/04\/2011_frauenkirche_hermann_danny-207x300.webp 207w\" sizes=\"(max-width: 413px) 100vw, 413px\" \/>\t\t\t\t\t\t\t\t\t\t\t<figcaption class=\"widget-image-caption wp-caption-text\">Frauenkirche Dresden, Danny Hermann, Graphitzeichnung, 29,7x21cm, 2012 <\/figcaption>\n\t\t\t\t\t\t\t\t\t\t<\/figure>\n\t\t\t\t\t\t\t\t\t<\/div>\n\t\t\t\t<\/div>\n\t\t\t\t\t<\/div>\n\t\t<\/div>\n\t\t\t\t\t<\/div>\n\t\t<\/section>\n\t\t\t\t<section class=\"elementor-section elementor-top-section elementor-element elementor-element-144126f elementor-section-boxed elementor-section-height-default elementor-section-height-default\" data-id=\"144126f\" data-element_type=\"section\" data-settings=\"{&quot;background_background&quot;:&quot;classic&quot;}\">\n\t\t\t\t\t\t<div class=\"elementor-container elementor-column-gap-no\">\n\t\t\t\t\t<div class=\"elementor-column elementor-col-100 elementor-top-column elementor-element elementor-element-59fa991\" data-id=\"59fa991\" data-element_type=\"column\">\n\t\t\t<div class=\"elementor-widget-wrap elementor-element-populated\">\n\t\t\t\t\t\t<div class=\"elementor-element elementor-element-aaa709c elementor-widget elementor-widget-heading\" data-id=\"aaa709c\" data-element_type=\"widget\" data-widget_type=\"heading.default\">\n\t\t\t\t<div class=\"elementor-widget-container\">\n\t\t\t\t\t<h2 class=\"elementor-heading-title elementor-size-default\">Kunstwerke erwerben<\/h2>\t\t\t\t<\/div>\n\t\t\t\t<\/div>\n\t\t\t\t<div class=\"elementor-element elementor-element-2ef807b elementor-widget elementor-widget-text-editor\" data-id=\"2ef807b\" data-element_type=\"widget\" data-widget_type=\"text-editor.default\">\n\t\t\t\t<div class=\"elementor-widget-container\">\n\t\t\t\t\t\t\t\t\t<p>Haben Sie Interesse an einem einzigartigen Kunstwerk oder einem individuellen <a href=\"https:\/\/www.dannyhermann.de\/en\/auftraege-shop\/\" target=\"_blank\" rel=\"noopener\">Auftrag<\/a>? Dann kontaktieren Sie den K\u00fcnstler \u00fcber das <strong>Kontaktformular<\/strong> oder per E-Mail unter <a href=\"mailto:dannyhermannart@gmail.com\" data-wplink-edit=\"true\">dannyhermannart@gmail.com<\/a>.\u00a0<\/p>\t\t\t\t\t\t\t\t<\/div>\n\t\t\t\t<\/div>\n\t\t\t\t\t<\/div>\n\t\t<\/div>\n\t\t\t\t\t<\/div>\n\t\t<\/section>\n\t\t\t\t<\/div>","protected":false},"excerpt":{"rendered":"<p>Kontakt Der Bildende K\u00fcnstler Danny Hermann neben dem Kunstwerk Arnie&#8217;s Life Frauenkirche Dresden, Danny Hermann, Graphitzeichnung, 29,7x21cm, 2012 Kunstwerke erwerben Haben Sie Interesse an einem einzigartigen Kunstwerk oder einem individuellen Auftrag? Dann kontaktieren Sie den K\u00fcnstler \u00fcber das Kontaktformular oder per E-Mail unter dannyhermannart@gmail.com.\u00a0<\/p>","protected":false},"author":1,"featured_media":0,"parent":0,"menu_order":0,"comment_status":"closed","ping_status":"closed","template":"","meta":{"footnotes":""},"class_list":["post-404","page","type-page","status-publish","hentry"],"yoast_head":"<!-- This site is optimized with the Yoast SEO plugin v27.3 - https:\/\/yoast.com\/product\/yoast-seo-wordpress\/ -->\n<title>KONTAKT - Danny Hermann<\/title>\n<meta name=\"robots\" content=\"index, follow, max-snippet:-1, max-image-preview:large, max-video-preview:-1\" \/>\n<link rel=\"canonical\" href=\"https:\/\/www.dannyhermann.de\/en\/kontakt\/\" \/>\n<meta property=\"og:locale\" content=\"en_US\" \/>\n<meta property=\"og:type\" content=\"article\" \/>\n<meta property=\"og:title\" content=\"KONTAKT - Danny Hermann\" \/>\n<meta property=\"og:description\" content=\"Kontakt Der Bildende K\u00fcnstler Danny Hermann neben dem Kunstwerk Arnie&#8217;s Life Frauenkirche Dresden, Danny Hermann, Graphitzeichnung, 29,7x21cm, 2012 Kunstwerke erwerben Haben Sie Interesse an einem einzigartigen Kunstwerk oder einem individuellen Auftrag? Dann kontaktieren Sie den K\u00fcnstler \u00fcber das Kontaktformular oder per E-Mail unter dannyhermannart@gmail.com.\u00a0\" \/>\n<meta property=\"og:url\" content=\"https:\/\/www.dannyhermann.de\/en\/kontakt\/\" \/>\n<meta property=\"og:site_name\" content=\"Danny Hermann\" \/>\n<meta property=\"article:publisher\" content=\"https:\/\/www.facebook.com\/DannyHermannFineArts\/\" \/>\n<meta property=\"article:modified_time\" content=\"2024-02-21T17:52:28+00:00\" \/>\n<meta property=\"og:image\" content=\"https:\/\/www.dannyhermann.de\/wp-content\/uploads\/2023\/09\/23-08-29_Hermann_Danny_Arnies_Life_Kunstwerk_Copyright.webp\" \/>\n<meta name=\"twitter:card\" content=\"summary_large_image\" \/>\n<meta name=\"twitter:site\" content=\"@ArtistHermann\" \/>\n<meta name=\"twitter:label1\" content=\"Est. reading time\" \/>\n\t<meta name=\"twitter:data1\" content=\"1 minute\" \/>\n<script type=\"application\/ld+json\" class=\"yoast-schema-graph\">{\"@context\":\"https:\\\/\\\/schema.org\",\"@graph\":[{\"@type\":\"WebPage\",\"@id\":\"https:\\\/\\\/www.dannyhermann.de\\\/kontakt\\\/\",\"url\":\"https:\\\/\\\/www.dannyhermann.de\\\/kontakt\\\/\",\"name\":\"KONTAKT - Danny Hermann\",\"isPartOf\":{\"@id\":\"https:\\\/\\\/www.dannyhermann.de\\\/#website\"},\"primaryImageOfPage\":{\"@id\":\"https:\\\/\\\/www.dannyhermann.de\\\/kontakt\\\/#primaryimage\"},\"image\":{\"@id\":\"https:\\\/\\\/www.dannyhermann.de\\\/kontakt\\\/#primaryimage\"},\"thumbnailUrl\":\"https:\\\/\\\/www.dannyhermann.de\\\/wp-content\\\/uploads\\\/2023\\\/09\\\/23-08-29_Hermann_Danny_Arnies_Life_Kunstwerk_Copyright.webp\",\"datePublished\":\"2022-11-01T10:27:39+00:00\",\"dateModified\":\"2024-02-21T17:52:28+00:00\",\"breadcrumb\":{\"@id\":\"https:\\\/\\\/www.dannyhermann.de\\\/kontakt\\\/#breadcrumb\"},\"inLanguage\":\"en-US\",\"potentialAction\":[{\"@type\":\"ReadAction\",\"target\":[\"https:\\\/\\\/www.dannyhermann.de\\\/kontakt\\\/\"]}]},{\"@type\":\"ImageObject\",\"inLanguage\":\"en-US\",\"@id\":\"https:\\\/\\\/www.dannyhermann.de\\\/kontakt\\\/#primaryimage\",\"url\":\"https:\\\/\\\/www.dannyhermann.de\\\/wp-content\\\/uploads\\\/2023\\\/09\\\/23-08-29_Hermann_Danny_Arnies_Life_Kunstwerk_Copyright.webp\",\"contentUrl\":\"https:\\\/\\\/www.dannyhermann.de\\\/wp-content\\\/uploads\\\/2023\\\/09\\\/23-08-29_Hermann_Danny_Arnies_Life_Kunstwerk_Copyright.webp\"},{\"@type\":\"BreadcrumbList\",\"@id\":\"https:\\\/\\\/www.dannyhermann.de\\\/kontakt\\\/#breadcrumb\",\"itemListElement\":[{\"@type\":\"ListItem\",\"position\":1,\"name\":\"Startseite\",\"item\":\"https:\\\/\\\/www.dannyhermann.de\\\/\"},{\"@type\":\"ListItem\",\"position\":2,\"name\":\"KONTAKT\"}]},{\"@type\":\"WebSite\",\"@id\":\"https:\\\/\\\/www.dannyhermann.de\\\/#website\",\"url\":\"https:\\\/\\\/www.dannyhermann.de\\\/\",\"name\":\"DannyHermann\",\"description\":\"dipl. Bildender K\u00fcnstler &amp; Meistersch\u00fcler\",\"publisher\":{\"@id\":\"https:\\\/\\\/www.dannyhermann.de\\\/#\\\/schema\\\/person\\\/826ebc635b4adeb9bac0af0be8250760\"},\"potentialAction\":[{\"@type\":\"SearchAction\",\"target\":{\"@type\":\"EntryPoint\",\"urlTemplate\":\"https:\\\/\\\/www.dannyhermann.de\\\/?s={search_term_string}\"},\"query-input\":{\"@type\":\"PropertyValueSpecification\",\"valueRequired\":true,\"valueName\":\"search_term_string\"}}],\"inLanguage\":\"en-US\"},{\"@type\":[\"Person\",\"Organization\"],\"@id\":\"https:\\\/\\\/www.dannyhermann.de\\\/#\\\/schema\\\/person\\\/826ebc635b4adeb9bac0af0be8250760\",\"name\":\"Danny Hermann\",\"image\":{\"@type\":\"ImageObject\",\"inLanguage\":\"en-US\",\"@id\":\"https:\\\/\\\/www.dannyhermann.de\\\/wp-content\\\/uploads\\\/2022\\\/12\\\/danny-hermann.jpg\",\"url\":\"https:\\\/\\\/www.dannyhermann.de\\\/wp-content\\\/uploads\\\/2022\\\/12\\\/danny-hermann.jpg\",\"contentUrl\":\"https:\\\/\\\/www.dannyhermann.de\\\/wp-content\\\/uploads\\\/2022\\\/12\\\/danny-hermann.jpg\",\"width\":354,\"height\":511,\"caption\":\"Danny Hermann\"},\"logo\":{\"@id\":\"https:\\\/\\\/www.dannyhermann.de\\\/wp-content\\\/uploads\\\/2022\\\/12\\\/danny-hermann.jpg\"},\"description\":\"Der Bildende K\u00fcnstler Danny Hermann wurde im Jahre 1991 geboren. Von 2011 bis 2016 studierte er an der Hochschule f\u00fcr Bildende K\u00fcnste (HfBK) in Dresden. Anschlie\u00dfend absolvierte Hermann von 2017 - 2019 dein Meistersch\u00fclerstudium unter Professor R. Kerbach. Seitdem ist er als freischaffender Bildender K\u00fcnstler t\u00e4tig. Unteranderem sind seine Werke in Rom, New York, Florenz, Mailand und Dresden ausgestellt wurden.\",\"sameAs\":[\"https:\\\/\\\/www.dannyhermann.de\",\"https:\\\/\\\/www.facebook.com\\\/DannyHermannFineArts\\\/\",\"https:\\\/\\\/www.instagram.com\\\/dannyhermann\\\/\",\"https:\\\/\\\/x.com\\\/https:\\\/\\\/twitter.com\\\/ArtistHermann\",\"https:\\\/\\\/www.youtube.com\\\/@artisthermann\"]}]}<\/script>\n<!-- \/ Yoast SEO plugin. -->","yoast_head_json":{"title":"KONTAKT - Danny Hermann","robots":{"index":"index","follow":"follow","max-snippet":"max-snippet:-1","max-image-preview":"max-image-preview:large","max-video-preview":"max-video-preview:-1"},"canonical":"https:\/\/www.dannyhermann.de\/en\/kontakt\/","og_locale":"en_US","og_type":"article","og_title":"KONTAKT - Danny Hermann","og_description":"Kontakt Der Bildende K\u00fcnstler Danny Hermann neben dem Kunstwerk Arnie&#8217;s Life Frauenkirche Dresden, Danny Hermann, Graphitzeichnung, 29,7x21cm, 2012 Kunstwerke erwerben Haben Sie Interesse an einem einzigartigen Kunstwerk oder einem individuellen Auftrag? Dann kontaktieren Sie den K\u00fcnstler \u00fcber das Kontaktformular oder per E-Mail unter dannyhermannart@gmail.com.\u00a0","og_url":"https:\/\/www.dannyhermann.de\/en\/kontakt\/","og_site_name":"Danny Hermann","article_publisher":"https:\/\/www.facebook.com\/DannyHermannFineArts\/","article_modified_time":"2024-02-21T17:52:28+00:00","og_image":[{"url":"https:\/\/www.dannyhermann.de\/wp-content\/uploads\/2023\/09\/23-08-29_Hermann_Danny_Arnies_Life_Kunstwerk_Copyright.webp","type":"","width":"","height":""}],"twitter_card":"summary_large_image","twitter_site":"@ArtistHermann","twitter_misc":{"Est. reading time":"1 minute"},"schema":{"@context":"https:\/\/schema.org","@graph":[{"@type":"WebPage","@id":"https:\/\/www.dannyhermann.de\/kontakt\/","url":"https:\/\/www.dannyhermann.de\/kontakt\/","name":"KONTAKT - Danny Hermann","isPartOf":{"@id":"https:\/\/www.dannyhermann.de\/#website"},"primaryImageOfPage":{"@id":"https:\/\/www.dannyhermann.de\/kontakt\/#primaryimage"},"image":{"@id":"https:\/\/www.dannyhermann.de\/kontakt\/#primaryimage"},"thumbnailUrl":"https:\/\/www.dannyhermann.de\/wp-content\/uploads\/2023\/09\/23-08-29_Hermann_Danny_Arnies_Life_Kunstwerk_Copyright.webp","datePublished":"2022-11-01T10:27:39+00:00","dateModified":"2024-02-21T17:52:28+00:00","breadcrumb":{"@id":"https:\/\/www.dannyhermann.de\/kontakt\/#breadcrumb"},"inLanguage":"en-US","potentialAction":[{"@type":"ReadAction","target":["https:\/\/www.dannyhermann.de\/kontakt\/"]}]},{"@type":"ImageObject","inLanguage":"en-US","@id":"https:\/\/www.dannyhermann.de\/kontakt\/#primaryimage","url":"https:\/\/www.dannyhermann.de\/wp-content\/uploads\/2023\/09\/23-08-29_Hermann_Danny_Arnies_Life_Kunstwerk_Copyright.webp","contentUrl":"https:\/\/www.dannyhermann.de\/wp-content\/uploads\/2023\/09\/23-08-29_Hermann_Danny_Arnies_Life_Kunstwerk_Copyright.webp"},{"@type":"BreadcrumbList","@id":"https:\/\/www.dannyhermann.de\/kontakt\/#breadcrumb","itemListElement":[{"@type":"ListItem","position":1,"name":"Startseite","item":"https:\/\/www.dannyhermann.de\/"},{"@type":"ListItem","position":2,"name":"KONTAKT"}]},{"@type":"WebSite","@id":"https:\/\/www.dannyhermann.de\/#website","url":"https:\/\/www.dannyhermann.de\/","name":"DannyHermann","description":"dipl. Bildender K\u00fcnstler &amp; Meistersch\u00fcler","publisher":{"@id":"https:\/\/www.dannyhermann.de\/#\/schema\/person\/826ebc635b4adeb9bac0af0be8250760"},"potentialAction":[{"@type":"SearchAction","target":{"@type":"EntryPoint","urlTemplate":"https:\/\/www.dannyhermann.de\/?s={search_term_string}"},"query-input":{"@type":"PropertyValueSpecification","valueRequired":true,"valueName":"search_term_string"}}],"inLanguage":"en-US"},{"@type":["Person","Organization"],"@id":"https:\/\/www.dannyhermann.de\/#\/schema\/person\/826ebc635b4adeb9bac0af0be8250760","name":"Danny Hermann","image":{"@type":"ImageObject","inLanguage":"en-US","@id":"https:\/\/www.dannyhermann.de\/wp-content\/uploads\/2022\/12\/danny-hermann.jpg","url":"https:\/\/www.dannyhermann.de\/wp-content\/uploads\/2022\/12\/danny-hermann.jpg","contentUrl":"https:\/\/www.dannyhermann.de\/wp-content\/uploads\/2022\/12\/danny-hermann.jpg","width":354,"height":511,"caption":"Danny Hermann"},"logo":{"@id":"https:\/\/www.dannyhermann.de\/wp-content\/uploads\/2022\/12\/danny-hermann.jpg"},"description":"Der Bildende K\u00fcnstler Danny Hermann wurde im Jahre 1991 geboren. Von 2011 bis 2016 studierte er an der Hochschule f\u00fcr Bildende K\u00fcnste (HfBK) in Dresden. Anschlie\u00dfend absolvierte Hermann von 2017 - 2019 dein Meistersch\u00fclerstudium unter Professor R. Kerbach. Seitdem ist er als freischaffender Bildender K\u00fcnstler t\u00e4tig. Unteranderem sind seine Werke in Rom, New York, Florenz, Mailand und Dresden ausgestellt wurden.","sameAs":["https:\/\/www.dannyhermann.de","https:\/\/www.facebook.com\/DannyHermannFineArts\/","https:\/\/www.instagram.com\/dannyhermann\/","https:\/\/x.com\/https:\/\/twitter.com\/ArtistHermann","https:\/\/www.youtube.com\/@artisthermann"]}]}},"_links":{"self":[{"href":"https:\/\/www.dannyhermann.de\/en\/wp-json\/wp\/v2\/pages\/404","targetHints":{"allow":["GET"]}}],"collection":[{"href":"https:\/\/www.dannyhermann.de\/en\/wp-json\/wp\/v2\/pages"}],"about":[{"href":"https:\/\/www.dannyhermann.de\/en\/wp-json\/wp\/v2\/types\/page"}],"author":[{"embeddable":true,"href":"https:\/\/www.dannyhermann.de\/en\/wp-json\/wp\/v2\/users\/1"}],"replies":[{"embeddable":true,"href":"https:\/\/www.dannyhermann.de\/en\/wp-json\/wp\/v2\/comments?post=404"}],"version-history":[{"count":0,"href":"https:\/\/www.dannyhermann.de\/en\/wp-json\/wp\/v2\/pages\/404\/revisions"}],"wp:attachment":[{"href":"https:\/\/www.dannyhermann.de\/en\/wp-json\/wp\/v2\/media?parent=404"}],"curies":[{"name":"wp","href":"https:\/\/api.w.org\/{rel}","templated":true}]}}