{"id":1672,"date":"2023-05-18T15:06:11","date_gmt":"2023-05-18T15:06:11","guid":{"rendered":"https:\/\/www.dannyhermann.de\/?page_id=1672"},"modified":"2024-08-17T09:23:51","modified_gmt":"2024-08-17T09:23:51","slug":"galerie","status":"publish","type":"page","link":"https:\/\/www.dannyhermann.de\/en\/galerie\/","title":{"rendered":"GALERIE"},"content":{"rendered":"<div data-elementor-type=\"wp-page\" data-elementor-id=\"1672\" class=\"elementor elementor-1672\" data-elementor-post-type=\"page\">\n\t\t\t\t\t\t<section class=\"elementor-section elementor-top-section elementor-element elementor-element-beac0b3 elementor-section-boxed elementor-section-height-default elementor-section-height-default\" data-id=\"beac0b3\" data-element_type=\"section\">\n\t\t\t\t\t\t<div class=\"elementor-container elementor-column-gap-default\">\n\t\t\t\t\t<div class=\"elementor-column elementor-col-100 elementor-top-column elementor-element elementor-element-bad4ec1\" data-id=\"bad4ec1\" data-element_type=\"column\">\n\t\t\t<div class=\"elementor-widget-wrap elementor-element-populated\">\n\t\t\t\t\t\t<div class=\"elementor-element elementor-element-09a6987 elementor-widget elementor-widget-heading\" data-id=\"09a6987\" data-element_type=\"widget\" data-widget_type=\"heading.default\">\n\t\t\t\t<div class=\"elementor-widget-container\">\n\t\t\t\t\t<h1 class=\"elementor-heading-title elementor-size-default\">Kunstwerke<\/h1>\t\t\t\t<\/div>\n\t\t\t\t<\/div>\n\t\t\t\t<div class=\"elementor-element elementor-element-db74bfa elementor-widget elementor-widget-heading\" data-id=\"db74bfa\" data-element_type=\"widget\" data-widget_type=\"heading.default\">\n\t\t\t\t<div class=\"elementor-widget-container\">\n\t\t\t\t\t<h2 class=\"elementor-heading-title elementor-size-default\">des Dresdner Bildenden K\u00fcnstlers<\/h2>\t\t\t\t<\/div>\n\t\t\t\t<\/div>\n\t\t\t\t\t<\/div>\n\t\t<\/div>\n\t\t\t\t\t<\/div>\n\t\t<\/section>\n\t\t\t\t<section class=\"elementor-section elementor-top-section elementor-element elementor-element-4f85e9b elementor-section-boxed elementor-section-height-default elementor-section-height-default\" data-id=\"4f85e9b\" data-element_type=\"section\" data-settings=\"{&quot;background_background&quot;:&quot;classic&quot;}\">\n\t\t\t\t\t\t<div class=\"elementor-container elementor-column-gap-default\">\n\t\t\t\t\t<div class=\"elementor-column elementor-col-100 elementor-top-column elementor-element elementor-element-6b16c24\" data-id=\"6b16c24\" data-element_type=\"column\">\n\t\t\t<div class=\"elementor-widget-wrap elementor-element-populated\">\n\t\t\t\t\t\t<div class=\"elementor-element elementor-element-150525a elementor-cta--layout-image-left elementor-cta--mobile-layout-image-above elementor-cta--valign-middle elementor-cta--skin-classic elementor-animated-content elementor-widget elementor-widget-call-to-action\" data-id=\"150525a\" data-element_type=\"widget\" data-widget_type=\"call-to-action.default\">\n\t\t\t\t<div class=\"elementor-widget-container\">\n\t\t\t\t\t\t\t<div class=\"elementor-cta\">\n\t\t\t\t\t<div class=\"elementor-cta__bg-wrapper\">\n\t\t\t\t<div class=\"elementor-cta__bg elementor-bg\" style=\"background-image: url(https:\/\/www.dannyhermann.de\/wp-content\/uploads\/2024\/04\/Hirte_Oel_auf_Leinwand_100x80cm_2024-823x1024.webp);\" role=\"img\" aria-label=\"Hirte, \u00d6l auf Leinwand, 100x80cm, 2024\"><\/div>\n\t\t\t\t<div class=\"elementor-cta__bg-overlay\"><\/div>\n\t\t\t<\/div>\n\t\t\t\t\t\t\t<div class=\"elementor-cta__content\">\n\t\t\t\t\n\t\t\t\t\t\t\t\t\t<h3 class=\"elementor-cta__title elementor-cta__content-item elementor-content-item\">\n\t\t\t\t\t\tOilpaintings\t\t\t\t\t<\/h3>\n\t\t\t\t\n\t\t\t\t\t\t\t\t\t<div class=\"elementor-cta__description elementor-cta__content-item elementor-content-item\">\n\t\t\t\t\t\tThis gallery shows a selected collection of oil paintings on canvas.\t\t\t\t\t<\/div>\n\t\t\t\t\n\t\t\t\t\t\t\t\t\t<div class=\"elementor-cta__button-wrapper elementor-cta__content-item elementor-content-item\">\n\t\t\t\t\t<a class=\"elementor-cta__button elementor-button elementor-size-lg\" href=\"https:\/\/www.dannyhermann.de\/en\/galerie\/oelgemaelde\/\" target=\"_blank\">\n\t\t\t\t\t\tDiscover oil paintings\t\t\t\t\t<\/a>\n\t\t\t\t\t<\/div>\n\t\t\t\t\t\t\t<\/div>\n\t\t\t\t\t\t<\/div>\n\t\t\t\t\t\t<\/div>\n\t\t\t\t<\/div>\n\t\t\t\t<div class=\"elementor-element elementor-element-d6ab2ee elementor-cta--layout-image-right elementor-cta--mobile-layout-image-above elementor-cta--valign-middle elementor-cta--skin-classic elementor-animated-content elementor-widget elementor-widget-call-to-action\" data-id=\"d6ab2ee\" data-element_type=\"widget\" data-widget_type=\"call-to-action.default\">\n\t\t\t\t<div class=\"elementor-widget-container\">\n\t\t\t\t\t\t\t<a class=\"elementor-cta\" href=\"https:\/\/www.dannyhermann.de\/en\/galerie\/landschaftsgemaelde\/\">\n\t\t\t\t\t<div class=\"elementor-cta__bg-wrapper\">\n\t\t\t\t<div class=\"elementor-cta__bg elementor-bg\" style=\"background-image: url(https:\/\/www.dannyhermann.de\/wp-content\/uploads\/2023\/07\/23-07-30_Danny_Hermann_Elsterberg_Ruine_Oel_auf_Leinwand_40x50cm_2023-1024x797.webp);\" role=\"img\" aria-label=\"Das Gem\u00e4lde zeigt die Burg Ruine in Elsterberg, im Vogtland. Daneben sieht man einige anliegende Geb\u00e4ude und die 3 markanten B\u00e4ume.\"><\/div>\n\t\t\t\t<div class=\"elementor-cta__bg-overlay\"><\/div>\n\t\t\t<\/div>\n\t\t\t\t\t\t\t<div class=\"elementor-cta__content\">\n\t\t\t\t\n\t\t\t\t\t\t\t\t\t<h3 class=\"elementor-cta__title elementor-cta__content-item elementor-content-item\">\n\t\t\t\t\t\tLandscapes\t\t\t\t\t<\/h3>\n\t\t\t\t\n\t\t\t\t\t\t\t\t\t<div class=\"elementor-cta__description elementor-cta__content-item elementor-content-item\">\n\t\t\t\t\t\tThis gallery shows a selection of landscape paintings.\t\t\t\t\t<\/div>\n\t\t\t\t\n\t\t\t\t\t\t\t\t\t<div class=\"elementor-cta__button-wrapper elementor-cta__content-item elementor-content-item\">\n\t\t\t\t\t<span class=\"elementor-cta__button elementor-button elementor-size-lg\">\n\t\t\t\t\t\tDive into the landscapes\t\t\t\t\t<\/span>\n\t\t\t\t\t<\/div>\n\t\t\t\t\t\t\t<\/div>\n\t\t\t\t\t\t<\/a>\n\t\t\t\t\t\t<\/div>\n\t\t\t\t<\/div>\n\t\t\t\t<div class=\"elementor-element elementor-element-81e2d29 elementor-cta--layout-image-left elementor-cta--mobile-layout-image-above elementor-cta--valign-middle elementor-cta--skin-classic elementor-animated-content elementor-widget elementor-widget-call-to-action\" data-id=\"81e2d29\" data-element_type=\"widget\" data-widget_type=\"call-to-action.default\">\n\t\t\t\t<div class=\"elementor-widget-container\">\n\t\t\t\t\t\t\t<a class=\"elementor-cta\" href=\"https:\/\/www.dannyhermann.de\/en\/traditionelle-tuschemalerei\/\">\n\t\t\t\t\t<div class=\"elementor-cta__bg-wrapper\">\n\t\t\t\t<div class=\"elementor-cta__bg elementor-bg\" style=\"background-image: url(https:\/\/www.dannyhermann.de\/wp-content\/uploads\/2024\/04\/Japanischer_Tempel_Tusche_auf_Papier_24x32cm_2024_Danny_Hermann_Copyright-1024x767.webp);\" role=\"img\" aria-label=\"Diese Tuschezeichnung zeigt einen japanischen Tempel.\"><\/div>\n\t\t\t\t<div class=\"elementor-cta__bg-overlay\"><\/div>\n\t\t\t<\/div>\n\t\t\t\t\t\t\t<div class=\"elementor-cta__content\">\n\t\t\t\t\n\t\t\t\t\t\t\t\t\t<h3 class=\"elementor-cta__title elementor-cta__content-item elementor-content-item\">\n\t\t\t\t\t\tTraditionelle Tuschemalerei\t\t\t\t\t<\/h3>\n\t\t\t\t\n\t\t\t\t\t\t\t\t\t<div class=\"elementor-cta__description elementor-cta__content-item elementor-content-item\">\n\t\t\t\t\t\tDiese Galerie zeigt eine ausgew\u00e4hlte Sammlung von Tuschezeichnungen.\t\t\t\t\t<\/div>\n\t\t\t\t\n\t\t\t\t\t\t\t\t\t<div class=\"elementor-cta__button-wrapper elementor-cta__content-item elementor-content-item\">\n\t\t\t\t\t<span class=\"elementor-cta__button elementor-button elementor-size-lg\">\n\t\t\t\t\t\tTuschemalerei erkunden\t\t\t\t\t<\/span>\n\t\t\t\t\t<\/div>\n\t\t\t\t\t\t\t<\/div>\n\t\t\t\t\t\t<\/a>\n\t\t\t\t\t\t<\/div>\n\t\t\t\t<\/div>\n\t\t\t\t<div class=\"elementor-element elementor-element-55c18a6 elementor-cta--layout-image-right elementor-cta--mobile-layout-image-above elementor-cta--valign-middle elementor-cta--skin-classic elementor-animated-content elementor-widget elementor-widget-call-to-action\" data-id=\"55c18a6\" data-element_type=\"widget\" data-widget_type=\"call-to-action.default\">\n\t\t\t\t<div class=\"elementor-widget-container\">\n\t\t\t\t\t\t\t<a class=\"elementor-cta\" href=\"https:\/\/www.dannyhermann.de\/en\/galerie\/grafiken-zeichnungen\/\">\n\t\t\t\t\t<div class=\"elementor-cta__bg-wrapper\">\n\t\t\t\t<div class=\"elementor-cta__bg elementor-bg\" style=\"background-image: url(https:\/\/www.dannyhermann.de\/wp-content\/uploads\/2024\/04\/Fischer_Holzschnitt_30x42cm_Danny_Hermann-1024x741.webp);\" role=\"img\" aria-label=\"Fischer, Holzschnitt, 30x42cm, 2024\"><\/div>\n\t\t\t\t<div class=\"elementor-cta__bg-overlay\"><\/div>\n\t\t\t<\/div>\n\t\t\t\t\t\t\t<div class=\"elementor-cta__content\">\n\t\t\t\t\n\t\t\t\t\t\t\t\t\t<h3 class=\"elementor-cta__title elementor-cta__content-item elementor-content-item\">\n\t\t\t\t\t\tGraphics &amp; Drawings\t\t\t\t\t<\/h3>\n\t\t\t\t\n\t\t\t\t\t\t\t\t\t<div class=\"elementor-cta__description elementor-cta__content-item elementor-content-item\">\n\t\t\t\t\t\tThis gallery shows a selected collection of ink drawings, prints, woodcuts and etchings\t\t\t\t\t<\/div>\n\t\t\t\t\n\t\t\t\t\t\t\t\t\t<div class=\"elementor-cta__button-wrapper elementor-cta__content-item elementor-content-item\">\n\t\t\t\t\t<span class=\"elementor-cta__button elementor-button elementor-size-lg\">\n\t\t\t\t\t\tDiscover graphics\t\t\t\t\t<\/span>\n\t\t\t\t\t<\/div>\n\t\t\t\t\t\t\t<\/div>\n\t\t\t\t\t\t<\/a>\n\t\t\t\t\t\t<\/div>\n\t\t\t\t<\/div>\n\t\t\t\t<div class=\"elementor-element elementor-element-f65feda elementor-cta--layout-image-left elementor-cta--mobile-layout-image-above elementor-cta--valign-middle elementor-cta--skin-classic elementor-animated-content elementor-widget elementor-widget-call-to-action\" data-id=\"f65feda\" data-element_type=\"widget\" data-widget_type=\"call-to-action.default\">\n\t\t\t\t<div class=\"elementor-widget-container\">\n\t\t\t\t\t\t\t<a class=\"elementor-cta\" href=\"https:\/\/www.dannyhermann.de\/en\/akt-und-anatomiezeichnungen\/\">\n\t\t\t\t\t<div class=\"elementor-cta__bg-wrapper\">\n\t\t\t\t<div class=\"elementor-cta__bg elementor-bg\" style=\"background-image: url(https:\/\/www.dannyhermann.de\/wp-content\/uploads\/2024\/01\/Danny_Hermann_Copyright_Akt_weiblich_sitzend_3-665x1024.webp);\" role=\"img\" aria-label=\"Akt weiblich sitzend, Danny Hermann, Graphitstift auf Kraftpapier, 2015\"><\/div>\n\t\t\t\t<div class=\"elementor-cta__bg-overlay\"><\/div>\n\t\t\t<\/div>\n\t\t\t\t\t\t\t<div class=\"elementor-cta__content\">\n\t\t\t\t\n\t\t\t\t\t\t\t\t\t<h3 class=\"elementor-cta__title elementor-cta__content-item elementor-content-item\">\n\t\t\t\t\t\tNude &amp; Anatomy \t\t\t\t\t<\/h3>\n\t\t\t\t\n\t\t\t\t\t\t\t\t\t<div class=\"elementor-cta__description elementor-cta__content-item elementor-content-item\">\n\t\t\t\t\t\tThis gallery shows a selected collection of drawing studies.\t\t\t\t\t<\/div>\n\t\t\t\t\n\t\t\t\t\t\t\t\t\t<div class=\"elementor-cta__button-wrapper elementor-cta__content-item elementor-content-item\">\n\t\t\t\t\t<span class=\"elementor-cta__button elementor-button elementor-size-lg\">\n\t\t\t\t\t\tView studies\t\t\t\t\t<\/span>\n\t\t\t\t\t<\/div>\n\t\t\t\t\t\t\t<\/div>\n\t\t\t\t\t\t<\/a>\n\t\t\t\t\t\t<\/div>\n\t\t\t\t<\/div>\n\t\t\t\t\t<\/div>\n\t\t<\/div>\n\t\t\t\t\t<\/div>\n\t\t<\/section>\n\t\t\t\t<section class=\"elementor-section elementor-top-section elementor-element elementor-element-973aa63 elementor-section-boxed elementor-section-height-default elementor-section-height-default\" data-id=\"973aa63\" data-element_type=\"section\" data-settings=\"{&quot;background_background&quot;:&quot;classic&quot;}\">\n\t\t\t\t\t\t<div class=\"elementor-container elementor-column-gap-no\">\n\t\t\t\t\t<div class=\"elementor-column elementor-col-100 elementor-top-column elementor-element elementor-element-432d275\" data-id=\"432d275\" data-element_type=\"column\">\n\t\t\t<div class=\"elementor-widget-wrap elementor-element-populated\">\n\t\t\t\t\t\t<div class=\"elementor-element elementor-element-f476984 elementor-widget elementor-widget-heading\" data-id=\"f476984\" data-element_type=\"widget\" data-widget_type=\"heading.default\">\n\t\t\t\t<div class=\"elementor-widget-container\">\n\t\t\t\t\t<h2 class=\"elementor-heading-title elementor-size-default\">Kunstwerke erwerben<\/h2>\t\t\t\t<\/div>\n\t\t\t\t<\/div>\n\t\t\t\t<div class=\"elementor-element elementor-element-e1a80aa elementor-widget elementor-widget-text-editor\" data-id=\"e1a80aa\" data-element_type=\"widget\" data-widget_type=\"text-editor.default\">\n\t\t\t\t<div class=\"elementor-widget-container\">\n\t\t\t\t\t\t\t\t\t<p>Haben Sie Interesse an einem einzigartigen Kunstwerk? Dann kontaktieren Sie den Bildenden K\u00fcnstler Danny Hermann \u00fcber das <strong><a href=\"https:\/\/www.dannyhermann.de\/en\/kontakt\/\" target=\"_blank\" rel=\"noopener\">Kontaktformular<\/a><\/strong> oder per E-Mail unter <a href=\"mailto:dannyhermannart@gmail.com\">dannyhermannart@gmail.com<\/a>.\u00a0<\/p>\t\t\t\t\t\t\t\t<\/div>\n\t\t\t\t<\/div>\n\t\t\t\t\t<\/div>\n\t\t<\/div>\n\t\t\t\t\t<\/div>\n\t\t<\/section>\n\t\t\t\t<\/div>","protected":false},"excerpt":{"rendered":"<p>Kunstwerke des Dresdner Bildenden K\u00fcnstlers \u00d6lgem\u00e4lde Diese Galerie zeigt eine ausgew\u00e4hlte Sammlung von \u00d6lgem\u00e4lden auf Leinwand. \u00d6lgem\u00e4lde entdecken Landschaften Diese Galerie zeigt eine Auswahl von Landschaftsgem\u00e4lden. In die Landschaften eintauchen Traditionelle Tuschemalerei Diese Galerie zeigt eine ausgew\u00e4hlte Sammlung von Tuschezeichnungen. Tuschemalerei erkunden Grafiken &#038; Zeichnungen Diese Galerie zeigt eine ausgew\u00e4hlte Sammlung von Tuschezeichnungen, Grafiken, Holzschnitten [&hellip;]<\/p>","protected":false},"author":1,"featured_media":0,"parent":0,"menu_order":0,"comment_status":"closed","ping_status":"closed","template":"","meta":{"footnotes":""},"class_list":["post-1672","page","type-page","status-publish","hentry"],"yoast_head":"<!-- This site is optimized with the Yoast SEO plugin v27.5 - https:\/\/yoast.com\/product\/yoast-seo-wordpress\/ -->\n<title>GALERIE - Danny Hermann<\/title>\n<meta name=\"description\" content=\"Expressionistische Kunstwerke aus den Bereichen Malerei &amp; Grafik des Dresdner Bildenden K\u00fcnstlers &amp; Meistersch\u00fclers Danny Hermann.\" \/>\n<meta name=\"robots\" content=\"index, follow, max-snippet:-1, max-image-preview:large, max-video-preview:-1\" \/>\n<link rel=\"canonical\" href=\"https:\/\/www.dannyhermann.de\/en\/galerie\/\" \/>\n<meta property=\"og:locale\" content=\"en_US\" \/>\n<meta property=\"og:type\" content=\"article\" \/>\n<meta property=\"og:title\" content=\"GALERIE - Danny Hermann\" \/>\n<meta property=\"og:description\" content=\"Expressionistische Kunstwerke aus den Bereichen Malerei &amp; Grafik des Dresdner Bildenden K\u00fcnstlers &amp; Meistersch\u00fclers Danny Hermann.\" \/>\n<meta property=\"og:url\" content=\"https:\/\/www.dannyhermann.de\/en\/galerie\/\" \/>\n<meta property=\"og:site_name\" content=\"Danny Hermann\" \/>\n<meta property=\"article:publisher\" content=\"https:\/\/www.facebook.com\/DannyHermannFineArts\/\" \/>\n<meta property=\"article:modified_time\" content=\"2024-08-17T09:23:51+00:00\" \/>\n<meta name=\"twitter:card\" content=\"summary_large_image\" \/>\n<meta name=\"twitter:site\" content=\"@ArtistHermann\" \/>\n<meta name=\"twitter:label1\" content=\"Est. reading time\" \/>\n\t<meta name=\"twitter:data1\" content=\"1 minute\" \/>\n<script type=\"application\/ld+json\" class=\"yoast-schema-graph\">{\"@context\":\"https:\\\/\\\/schema.org\",\"@graph\":[{\"@type\":\"WebPage\",\"@id\":\"https:\\\/\\\/www.dannyhermann.de\\\/galerie\\\/\",\"url\":\"https:\\\/\\\/www.dannyhermann.de\\\/galerie\\\/\",\"name\":\"GALERIE - Danny Hermann\",\"isPartOf\":{\"@id\":\"https:\\\/\\\/www.dannyhermann.de\\\/#website\"},\"datePublished\":\"2023-05-18T15:06:11+00:00\",\"dateModified\":\"2024-08-17T09:23:51+00:00\",\"description\":\"Expressionistische Kunstwerke aus den Bereichen Malerei & Grafik des Dresdner Bildenden K\u00fcnstlers & Meistersch\u00fclers Danny Hermann.\",\"breadcrumb\":{\"@id\":\"https:\\\/\\\/www.dannyhermann.de\\\/galerie\\\/#breadcrumb\"},\"inLanguage\":\"en-US\",\"potentialAction\":[{\"@type\":\"ReadAction\",\"target\":[\"https:\\\/\\\/www.dannyhermann.de\\\/galerie\\\/\"]}]},{\"@type\":\"BreadcrumbList\",\"@id\":\"https:\\\/\\\/www.dannyhermann.de\\\/galerie\\\/#breadcrumb\",\"itemListElement\":[{\"@type\":\"ListItem\",\"position\":1,\"name\":\"Startseite\",\"item\":\"https:\\\/\\\/www.dannyhermann.de\\\/\"},{\"@type\":\"ListItem\",\"position\":2,\"name\":\"GALERIE\"}]},{\"@type\":\"WebSite\",\"@id\":\"https:\\\/\\\/www.dannyhermann.de\\\/#website\",\"url\":\"https:\\\/\\\/www.dannyhermann.de\\\/\",\"name\":\"DannyHermann\",\"description\":\"dipl. Bildender K\u00fcnstler &amp; Meistersch\u00fcler\",\"publisher\":{\"@id\":\"https:\\\/\\\/www.dannyhermann.de\\\/#\\\/schema\\\/person\\\/826ebc635b4adeb9bac0af0be8250760\"},\"potentialAction\":[{\"@type\":\"SearchAction\",\"target\":{\"@type\":\"EntryPoint\",\"urlTemplate\":\"https:\\\/\\\/www.dannyhermann.de\\\/?s={search_term_string}\"},\"query-input\":{\"@type\":\"PropertyValueSpecification\",\"valueRequired\":true,\"valueName\":\"search_term_string\"}}],\"inLanguage\":\"en-US\"},{\"@type\":[\"Person\",\"Organization\"],\"@id\":\"https:\\\/\\\/www.dannyhermann.de\\\/#\\\/schema\\\/person\\\/826ebc635b4adeb9bac0af0be8250760\",\"name\":\"Danny Hermann\",\"image\":{\"@type\":\"ImageObject\",\"inLanguage\":\"en-US\",\"@id\":\"https:\\\/\\\/www.dannyhermann.de\\\/wp-content\\\/uploads\\\/2022\\\/12\\\/danny-hermann.jpg\",\"url\":\"https:\\\/\\\/www.dannyhermann.de\\\/wp-content\\\/uploads\\\/2022\\\/12\\\/danny-hermann.jpg\",\"contentUrl\":\"https:\\\/\\\/www.dannyhermann.de\\\/wp-content\\\/uploads\\\/2022\\\/12\\\/danny-hermann.jpg\",\"width\":354,\"height\":511,\"caption\":\"Danny Hermann\"},\"logo\":{\"@id\":\"https:\\\/\\\/www.dannyhermann.de\\\/wp-content\\\/uploads\\\/2022\\\/12\\\/danny-hermann.jpg\"},\"description\":\"Der Bildende K\u00fcnstler Danny Hermann wurde im Jahre 1991 geboren. Von 2011 bis 2016 studierte er an der Hochschule f\u00fcr Bildende K\u00fcnste (HfBK) in Dresden. Anschlie\u00dfend absolvierte Hermann von 2017 - 2019 dein Meistersch\u00fclerstudium unter Professor R. Kerbach. Seitdem ist er als freischaffender Bildender K\u00fcnstler t\u00e4tig. Unteranderem sind seine Werke in Rom, New York, Florenz, Mailand und Dresden ausgestellt wurden.\",\"sameAs\":[\"https:\\\/\\\/www.dannyhermann.de\",\"https:\\\/\\\/www.facebook.com\\\/DannyHermannFineArts\\\/\",\"https:\\\/\\\/www.instagram.com\\\/dannyhermann\\\/\",\"https:\\\/\\\/x.com\\\/https:\\\/\\\/twitter.com\\\/ArtistHermann\",\"https:\\\/\\\/www.youtube.com\\\/@artisthermann\"]}]}<\/script>\n<!-- \/ Yoast SEO plugin. -->","yoast_head_json":{"title":"GALERIE - Danny Hermann","description":"Expressionistische Kunstwerke aus den Bereichen Malerei & Grafik des Dresdner Bildenden K\u00fcnstlers & Meistersch\u00fclers Danny Hermann.","robots":{"index":"index","follow":"follow","max-snippet":"max-snippet:-1","max-image-preview":"max-image-preview:large","max-video-preview":"max-video-preview:-1"},"canonical":"https:\/\/www.dannyhermann.de\/en\/galerie\/","og_locale":"en_US","og_type":"article","og_title":"GALERIE - Danny Hermann","og_description":"Expressionistische Kunstwerke aus den Bereichen Malerei & Grafik des Dresdner Bildenden K\u00fcnstlers & Meistersch\u00fclers Danny Hermann.","og_url":"https:\/\/www.dannyhermann.de\/en\/galerie\/","og_site_name":"Danny Hermann","article_publisher":"https:\/\/www.facebook.com\/DannyHermannFineArts\/","article_modified_time":"2024-08-17T09:23:51+00:00","twitter_card":"summary_large_image","twitter_site":"@ArtistHermann","twitter_misc":{"Est. reading time":"1 minute"},"schema":{"@context":"https:\/\/schema.org","@graph":[{"@type":"WebPage","@id":"https:\/\/www.dannyhermann.de\/galerie\/","url":"https:\/\/www.dannyhermann.de\/galerie\/","name":"GALERIE - Danny Hermann","isPartOf":{"@id":"https:\/\/www.dannyhermann.de\/#website"},"datePublished":"2023-05-18T15:06:11+00:00","dateModified":"2024-08-17T09:23:51+00:00","description":"Expressionistische Kunstwerke aus den Bereichen Malerei & Grafik des Dresdner Bildenden K\u00fcnstlers & Meistersch\u00fclers Danny Hermann.","breadcrumb":{"@id":"https:\/\/www.dannyhermann.de\/galerie\/#breadcrumb"},"inLanguage":"en-US","potentialAction":[{"@type":"ReadAction","target":["https:\/\/www.dannyhermann.de\/galerie\/"]}]},{"@type":"BreadcrumbList","@id":"https:\/\/www.dannyhermann.de\/galerie\/#breadcrumb","itemListElement":[{"@type":"ListItem","position":1,"name":"Startseite","item":"https:\/\/www.dannyhermann.de\/"},{"@type":"ListItem","position":2,"name":"GALERIE"}]},{"@type":"WebSite","@id":"https:\/\/www.dannyhermann.de\/#website","url":"https:\/\/www.dannyhermann.de\/","name":"DannyHermann","description":"dipl. Bildender K\u00fcnstler &amp; Meistersch\u00fcler","publisher":{"@id":"https:\/\/www.dannyhermann.de\/#\/schema\/person\/826ebc635b4adeb9bac0af0be8250760"},"potentialAction":[{"@type":"SearchAction","target":{"@type":"EntryPoint","urlTemplate":"https:\/\/www.dannyhermann.de\/?s={search_term_string}"},"query-input":{"@type":"PropertyValueSpecification","valueRequired":true,"valueName":"search_term_string"}}],"inLanguage":"en-US"},{"@type":["Person","Organization"],"@id":"https:\/\/www.dannyhermann.de\/#\/schema\/person\/826ebc635b4adeb9bac0af0be8250760","name":"Danny Hermann","image":{"@type":"ImageObject","inLanguage":"en-US","@id":"https:\/\/www.dannyhermann.de\/wp-content\/uploads\/2022\/12\/danny-hermann.jpg","url":"https:\/\/www.dannyhermann.de\/wp-content\/uploads\/2022\/12\/danny-hermann.jpg","contentUrl":"https:\/\/www.dannyhermann.de\/wp-content\/uploads\/2022\/12\/danny-hermann.jpg","width":354,"height":511,"caption":"Danny Hermann"},"logo":{"@id":"https:\/\/www.dannyhermann.de\/wp-content\/uploads\/2022\/12\/danny-hermann.jpg"},"description":"Der Bildende K\u00fcnstler Danny Hermann wurde im Jahre 1991 geboren. Von 2011 bis 2016 studierte er an der Hochschule f\u00fcr Bildende K\u00fcnste (HfBK) in Dresden. Anschlie\u00dfend absolvierte Hermann von 2017 - 2019 dein Meistersch\u00fclerstudium unter Professor R. Kerbach. Seitdem ist er als freischaffender Bildender K\u00fcnstler t\u00e4tig. Unteranderem sind seine Werke in Rom, New York, Florenz, Mailand und Dresden ausgestellt wurden.","sameAs":["https:\/\/www.dannyhermann.de","https:\/\/www.facebook.com\/DannyHermannFineArts\/","https:\/\/www.instagram.com\/dannyhermann\/","https:\/\/x.com\/https:\/\/twitter.com\/ArtistHermann","https:\/\/www.youtube.com\/@artisthermann"]}]}},"_links":{"self":[{"href":"https:\/\/www.dannyhermann.de\/en\/wp-json\/wp\/v2\/pages\/1672","targetHints":{"allow":["GET"]}}],"collection":[{"href":"https:\/\/www.dannyhermann.de\/en\/wp-json\/wp\/v2\/pages"}],"about":[{"href":"https:\/\/www.dannyhermann.de\/en\/wp-json\/wp\/v2\/types\/page"}],"author":[{"embeddable":true,"href":"https:\/\/www.dannyhermann.de\/en\/wp-json\/wp\/v2\/users\/1"}],"replies":[{"embeddable":true,"href":"https:\/\/www.dannyhermann.de\/en\/wp-json\/wp\/v2\/comments?post=1672"}],"version-history":[{"count":0,"href":"https:\/\/www.dannyhermann.de\/en\/wp-json\/wp\/v2\/pages\/1672\/revisions"}],"wp:attachment":[{"href":"https:\/\/www.dannyhermann.de\/en\/wp-json\/wp\/v2\/media?parent=1672"}],"curies":[{"name":"wp","href":"https:\/\/api.w.org\/{rel}","templated":true}]}}